{"id":3108,"date":"2019-04-15T02:03:52","date_gmt":"2019-04-14T23:03:52","guid":{"rendered":"http:\/\/dokuteks.com\/index.php\/urun\/itfaiyeci-elbisesi-01\/"},"modified":"2019-04-28T18:13:27","modified_gmt":"2019-04-28T15:13:27","slug":"itfaiyeci-elbisesi-01","status":"publish","type":"product","link":"https:\/\/dokuteks.com\/index.php\/urun\/itfaiyeci-elbisesi-01\/?lang=en","title":{"rendered":"Fireman Dress 01"},"content":{"rendered":"","protected":false},"excerpt":{"rendered":"<p>Y\u00fcksek standartlarda \u00fcretilen \u00fcr\u00fcnler ilgili kurulu\u015flar\u0131n\u0131n ihtiya\u00e7lar\u0131n\u0131 kar\u015f\u0131lamak amac\u0131yla, ilgili y\u00f6netmeliklere uygun bi\u00e7imde \u00fcretilirler.<\/p>\n","protected":false},"featured_media":2015,"comment_status":"open","ping_status":"closed","template":"","meta":[],"_links":{"self":[{"href":"https:\/\/dokuteks.com\/index.php\/wp-json\/wp\/v2\/product\/3108"}],"collection":[{"href":"https:\/\/dokuteks.com\/index.php\/wp-json\/wp\/v2\/product"}],"about":[{"href":"https:\/\/dokuteks.com\/index.php\/wp-json\/wp\/v2\/types\/product"}],"replies":[{"embeddable":true,"href":"https:\/\/dokuteks.com\/index.php\/wp-json\/wp\/v2\/comments?post=3108"}],"wp:featuredmedia":[{"embeddable":true,"href":"https:\/\/dokuteks.com\/index.php\/wp-json\/wp\/v2\/media\/2015"}],"wp:attachment":[{"href":"https:\/\/dokuteks.com\/index.php\/wp-json\/wp\/v2\/media?parent=3108"}],"curies":[{"name":"wp","href":"https:\/\/api.w.org\/{rel}","templated":true}]}}