{"id":2595,"date":"2019-04-15T02:03:51","date_gmt":"2019-04-14T23:03:51","guid":{"rendered":"http:\/\/dokuteks.com\/index.php\/\/product\/import-placeholder-for-1058\/"},"modified":"2019-04-18T12:05:21","modified_gmt":"2019-04-18T09:05:21","slug":"eldiven-yanmaz-01","status":"publish","type":"product","link":"https:\/\/dokuteks.com\/index.php\/urun\/eldiven-yanmaz-01\/","title":{"rendered":"Eldiven (Yanmaz) 01"},"content":{"rendered":"<p>Ergonomik tasar\u0131m\u0131 bile\u011fi kapatabilecek uzunlukta olup, hareket kolayl\u0131\u011f\u0131 sa\u011flar. Avu\u00e7 i\u00e7i k\u0131sm\u0131nda bulunan yarma deri y\u00fcksek tutu\u015f kabiliyetine sahiptir.<br \/>\nEldiven kuma\u015f\u0131 elinizi \u0131s\u0131 ve alevin zararl\u0131u etkilerinden korur.<\/p>\n","protected":false},"excerpt":{"rendered":"<p>Ergonomik tasar\u0131m\u0131 bile\u011fi kapatabilecek uzunlukta olup, hareket kolayl\u0131\u011f\u0131 sa\u011flar. Avu\u00e7 i\u00e7i k\u0131sm\u0131nda bulunan yarma deri y\u00fcksek tutu\u015f kabiliyetine sahiptir. Eldiven kuma\u015f\u0131 elinizi \u0131s\u0131 ve alevin zararl\u0131u etkilerinden korur.<\/p>\n","protected":false},"featured_media":2010,"comment_status":"open","ping_status":"closed","template":"","meta":[],"_links":{"self":[{"href":"https:\/\/dokuteks.com\/index.php\/wp-json\/wp\/v2\/product\/2595"}],"collection":[{"href":"https:\/\/dokuteks.com\/index.php\/wp-json\/wp\/v2\/product"}],"about":[{"href":"https:\/\/dokuteks.com\/index.php\/wp-json\/wp\/v2\/types\/product"}],"replies":[{"embeddable":true,"href":"https:\/\/dokuteks.com\/index.php\/wp-json\/wp\/v2\/comments?post=2595"}],"wp:featuredmedia":[{"embeddable":true,"href":"https:\/\/dokuteks.com\/index.php\/wp-json\/wp\/v2\/media\/2010"}],"wp:attachment":[{"href":"https:\/\/dokuteks.com\/index.php\/wp-json\/wp\/v2\/media?parent=2595"}],"curies":[{"name":"wp","href":"https:\/\/api.w.org\/{rel}","templated":true}]}}