{"id":2591,"date":"2019-04-15T02:03:47","date_gmt":"2019-04-14T23:03:47","guid":{"rendered":"http:\/\/dokuteks.com\/index.php\/\/product\/import-placeholder-for-1040\/"},"modified":"2019-04-18T12:06:23","modified_gmt":"2019-04-18T09:06:23","slug":"cift-katli-nomex-baslik","status":"publish","type":"product","link":"https:\/\/dokuteks.com\/index.php\/urun\/cift-katli-nomex-baslik\/","title":{"rendered":"\u00c7ift Katl\u0131 Nomex Ba\u015fl\u0131k"},"content":{"rendered":"<p>Protek \u00f6rme ba\u015fl\u0131k itfaiyecilerin ba\u015f ve boyun b\u00f6lgelerini yang\u0131ndan ve s\u0131cakl\u0131\u011f\u0131n zararl\u0131 etkilerinden korur.<\/p>\n","protected":false},"excerpt":{"rendered":"<p>Y\u00fcksek standartlarda \u00fcretilen \u00fcr\u00fcnler ilgili kurulu\u015flar\u0131n\u0131n ihtiya\u00e7lar\u0131n\u0131 kar\u015f\u0131lamak amac\u0131yla, ilgili y\u00f6netmeliklere uygun bi\u00e7imde \u00fcretilirler.<\/p>\n","protected":false},"featured_media":2004,"comment_status":"open","ping_status":"closed","template":"","meta":[],"_links":{"self":[{"href":"https:\/\/dokuteks.com\/index.php\/wp-json\/wp\/v2\/product\/2591"}],"collection":[{"href":"https:\/\/dokuteks.com\/index.php\/wp-json\/wp\/v2\/product"}],"about":[{"href":"https:\/\/dokuteks.com\/index.php\/wp-json\/wp\/v2\/types\/product"}],"replies":[{"embeddable":true,"href":"https:\/\/dokuteks.com\/index.php\/wp-json\/wp\/v2\/comments?post=2591"}],"wp:featuredmedia":[{"embeddable":true,"href":"https:\/\/dokuteks.com\/index.php\/wp-json\/wp\/v2\/media\/2004"}],"wp:attachment":[{"href":"https:\/\/dokuteks.com\/index.php\/wp-json\/wp\/v2\/media?parent=2591"}],"curies":[{"name":"wp","href":"https:\/\/api.w.org\/{rel}","templated":true}]}}