{"id":2552,"date":"2019-04-15T02:02:35","date_gmt":"2019-04-14T23:02:35","guid":{"rendered":"http:\/\/dokuteks.com\/index.php\/\/product\/import-placeholder-for-1004\/"},"modified":"2019-04-15T02:04:04","modified_gmt":"2019-04-14T23:04:04","slug":"uyku-tulumu-02","status":"publish","type":"product","link":"https:\/\/dokuteks.com\/index.php\/urun\/uyku-tulumu-02\/","title":{"rendered":"Uyku Tulumu 02"},"content":{"rendered":"<p>\u00bb \u00c7ift tarafl\u0131 kullan\u0131m<br \/>\n\u00bb Diferansiyel kesim<br \/>\n\u00bb \u0130kizkenar yamuk \u015feklinde b\u00f6lmeli yap\u0131<br \/>\n\u00bb Ba\u015f k\u0131sm\u0131n\u0131 so\u011fuktan korumak amac\u0131yla yap\u0131lm\u0131\u015f s\u0131k\u0131\u015ft\u0131rma kay\u0131\u015f\u0131<br \/>\n\u00bb Fermuardan dolay\u0131 olu\u015fabilecek \u0131s\u0131 kayb\u0131n\u0131 engellemek amac\u0131yla yal\u0131t\u0131ml\u0131 fermuar sistemi<br \/>\n\u00bb R\u00fczgar ve \u0131slakl\u0131\u011f\u0131 engellemesi i\u00e7in d\u0131\u015f k\u0131sm\u0131nda koruma kapa\u011f\u0131<br \/>\n\u00bb S\u0131k\u0131\u015ft\u0131rma kay\u0131\u015fl\u0131 ve polyester malzemeden \u00fcretilmi\u015f ta\u015f\u0131ma \u00e7antas\u0131<\/p>\n","protected":false},"excerpt":{"rendered":"<p>Y\u00fcksek standartlarda \u00fcretilen \u00fcr\u00fcnler ilgili kurulu\u015flar\u0131n\u0131n ihtiya\u00e7lar\u0131n\u0131 kar\u015f\u0131lamak amac\u0131yla, ilgili y\u00f6netmeliklere uygun bi\u00e7imde \u00fcretilirler.<\/p>\n<p>TEKN\u0130K \u00d6ZELL\u0130KLER<br \/>\nDolum: 90\/10 Kaz t\u00fcy\u00fc<br \/>\nModel: DOKU M-1<br \/>\nA\u011f\u0131rl\u0131k: 1950 gr<br \/>\nPaket Ebatlar\u0131: 25 x 30 cm<br \/>\nMinimum Limit: -20\u00b0C<br \/>\nMaksimum Limit: -40\u00b0C <\/p>\n","protected":false},"featured_media":1978,"comment_status":"open","ping_status":"closed","template":"","meta":[],"_links":{"self":[{"href":"https:\/\/dokuteks.com\/index.php\/wp-json\/wp\/v2\/product\/2552"}],"collection":[{"href":"https:\/\/dokuteks.com\/index.php\/wp-json\/wp\/v2\/product"}],"about":[{"href":"https:\/\/dokuteks.com\/index.php\/wp-json\/wp\/v2\/types\/product"}],"replies":[{"embeddable":true,"href":"https:\/\/dokuteks.com\/index.php\/wp-json\/wp\/v2\/comments?post=2552"}],"wp:featuredmedia":[{"embeddable":true,"href":"https:\/\/dokuteks.com\/index.php\/wp-json\/wp\/v2\/media\/1978"}],"wp:attachment":[{"href":"https:\/\/dokuteks.com\/index.php\/wp-json\/wp\/v2\/media?parent=2552"}],"curies":[{"name":"wp","href":"https:\/\/api.w.org\/{rel}","templated":true}]}}