{"id":2548,"date":"2019-04-15T02:02:31","date_gmt":"2019-04-14T23:02:31","guid":{"rendered":"http:\/\/dokuteks.com\/index.php\/\/product\/import-placeholder-for-997\/"},"modified":"2020-09-09T14:34:01","modified_gmt":"2020-09-09T11:34:01","slug":"techizat-kemeri-01","status":"publish","type":"product","link":"https:\/\/dokuteks.com\/index.php\/urun\/techizat-kemeri-01\/","title":{"rendered":"Te\u00e7hizat Kemeri 01"},"content":{"rendered":"<p>Y\u00fcksek standartlarda \u00fcretilen \u00fcr\u00fcnler ilgili kurulu\u015flar\u0131n\u0131n ihtiya\u00e7lar\u0131n\u0131 kar\u015f\u0131lamak amac\u0131yla, ilgili y\u00f6netmeliklere uygun bi\u00e7imde \u00fcretilirler.<\/p>\n","protected":false},"excerpt":{"rendered":"<p>Y\u00fcksek standartlarda \u00fcretilen \u00fcr\u00fcnler ilgili kurulu\u015flar\u0131n\u0131n ihtiya\u00e7lar\u0131n\u0131 kar\u015f\u0131lamak amac\u0131yla, ilgili y\u00f6netmeliklere uygun bi\u00e7imde \u00fcretilirler.<\/p>\n","protected":false},"featured_media":2578,"comment_status":"open","ping_status":"closed","template":"","meta":[],"_links":{"self":[{"href":"https:\/\/dokuteks.com\/index.php\/wp-json\/wp\/v2\/product\/2548"}],"collection":[{"href":"https:\/\/dokuteks.com\/index.php\/wp-json\/wp\/v2\/product"}],"about":[{"href":"https:\/\/dokuteks.com\/index.php\/wp-json\/wp\/v2\/types\/product"}],"replies":[{"embeddable":true,"href":"https:\/\/dokuteks.com\/index.php\/wp-json\/wp\/v2\/comments?post=2548"}],"wp:featuredmedia":[{"embeddable":true,"href":"https:\/\/dokuteks.com\/index.php\/wp-json\/wp\/v2\/media\/2578"}],"wp:attachment":[{"href":"https:\/\/dokuteks.com\/index.php\/wp-json\/wp\/v2\/media?parent=2548"}],"curies":[{"name":"wp","href":"https:\/\/api.w.org\/{rel}","templated":true}]}}