{"id":2524,"date":"2019-04-15T02:01:54","date_gmt":"2019-04-14T23:01:54","guid":{"rendered":"http:\/\/dokuteks.com\/index.php\/\/product\/import-placeholder-for-993\/"},"modified":"2019-04-15T02:03:23","modified_gmt":"2019-04-14T23:03:23","slug":"tabanca-kilifi-03","status":"publish","type":"product","link":"https:\/\/dokuteks.com\/index.php\/urun\/tabanca-kilifi-03\/","title":{"rendered":"Tabanca K\u0131l\u0131f\u0131 03"},"content":{"rendered":"<p>Y\u00fcksek standartlarda \u00fcretilen \u00fcr\u00fcnler ilgili kurulu\u015flar\u0131n\u0131n ihtiya\u00e7lar\u0131n\u0131 kar\u015f\u0131lamak amac\u0131yla, ilgili y\u00f6netmeliklere uygun bi\u00e7imde \u00fcretilirler.<\/p>\n","protected":false},"excerpt":{"rendered":"<p>Y\u00fcksek standartlarda \u00fcretilen \u00fcr\u00fcnler ilgili kurulu\u015flar\u0131n\u0131n ihtiya\u00e7lar\u0131n\u0131 kar\u015f\u0131lamak amac\u0131yla, ilgili y\u00f6netmeliklere uygun bi\u00e7imde \u00fcretilirler.<\/p>\n","protected":false},"featured_media":1967,"comment_status":"open","ping_status":"closed","template":"","meta":[],"_links":{"self":[{"href":"https:\/\/dokuteks.com\/index.php\/wp-json\/wp\/v2\/product\/2524"}],"collection":[{"href":"https:\/\/dokuteks.com\/index.php\/wp-json\/wp\/v2\/product"}],"about":[{"href":"https:\/\/dokuteks.com\/index.php\/wp-json\/wp\/v2\/types\/product"}],"replies":[{"embeddable":true,"href":"https:\/\/dokuteks.com\/index.php\/wp-json\/wp\/v2\/comments?post=2524"}],"wp:featuredmedia":[{"embeddable":true,"href":"https:\/\/dokuteks.com\/index.php\/wp-json\/wp\/v2\/media\/1967"}],"wp:attachment":[{"href":"https:\/\/dokuteks.com\/index.php\/wp-json\/wp\/v2\/media?parent=2524"}],"curies":[{"name":"wp","href":"https:\/\/api.w.org\/{rel}","templated":true}]}}