{"id":2517,"date":"2019-04-15T02:01:48","date_gmt":"2019-04-14T23:01:48","guid":{"rendered":"http:\/\/dokuteks.com\/index.php\/\/product\/import-placeholder-for-975\/"},"modified":"2019-04-15T02:03:20","modified_gmt":"2019-04-14T23:03:20","slug":"termal-iclik-takimi-05","status":"publish","type":"product","link":"https:\/\/dokuteks.com\/index.php\/urun\/termal-iclik-takimi-05\/","title":{"rendered":"Termal \u0130\u00e7lik Tak\u0131m\u0131 05"},"content":{"rendered":"<p>Y\u00fcksek standartlarda \u00fcretilen \u00fcr\u00fcnler ilgili kurulu\u015flar\u0131n\u0131n ihtiya\u00e7lar\u0131n\u0131 kar\u015f\u0131lamak amac\u0131yla, ilgili y\u00f6netmeliklere uygun bi\u00e7imde \u00fcretilirler.<\/p>\n","protected":false},"excerpt":{"rendered":"<p>DOKUTEKS olarak zorlu arazi ve iklim ko\u015fullar\u0131nda g\u00f6rev yapan personelin \u0131s\u0131 kayb\u0131n\u0131 \u00f6nlemek<br \/>\nve g\u00f6revlerini ba\u015far\u0131yla tamamlamalar\u0131n\u0131 sa\u011flamak ad\u0131na bir \u00e7ok \u00fcr\u00fcn\u00fcn geli\u015ftirilmesini ve<br \/>\n\u00fcretimini yapmaktay\u0131z. Bu \u00fcr\u00fcn gruplar\u0131ndan biri de termal i\u00e7liklerdir. Daha \u00f6nceden varolan<br \/>\n\u00fcr\u00fcnlerin personeli d\u0131\u015f mekanda so\u011fuktan korurken i\u00e7 mekanda kullan\u0131mlar\u0131nda personelin<br \/>\nterlemesine ve s\u0131v\u0131 kaybetmesine yol a\u00e7t\u0131\u011f\u0131; kesimlerinin anatomik yap\u0131ya yeterince uygun<br \/>\nolmad\u0131\u011f\u0131 ve ba\u015fkaca baz\u0131 yetersizlikler ta\u015f\u0131d\u0131\u011f\u0131 y\u00f6n\u00fcnde ald\u0131\u011f\u0131m\u0131z geri bildirimlerden yola<br \/>\n\u00e7\u0131karak kullan\u0131c\u0131larla ortakla\u015fa y\u00fcr\u00fctt\u00fc\u011f\u00fcm\u00fcz AR-GE \u00e7al\u0131\u015fmalar\u0131 sonucunda daha verimli<br \/>\nbir kullan\u0131m sa\u011flayacak kuma\u015f ve kesim tasar\u0131m\u0131 ile \u00fcretime ba\u015flam\u0131\u015f ve bu yeni \u00fcr\u00fcnlerden<br \/>\nolduk\u00e7a verimli sonu\u00e7lar alm\u0131\u015f bulunmaktay\u0131z.. <\/p>\n","protected":false},"featured_media":1940,"comment_status":"open","ping_status":"closed","template":"","meta":[],"_links":{"self":[{"href":"https:\/\/dokuteks.com\/index.php\/wp-json\/wp\/v2\/product\/2517"}],"collection":[{"href":"https:\/\/dokuteks.com\/index.php\/wp-json\/wp\/v2\/product"}],"about":[{"href":"https:\/\/dokuteks.com\/index.php\/wp-json\/wp\/v2\/types\/product"}],"replies":[{"embeddable":true,"href":"https:\/\/dokuteks.com\/index.php\/wp-json\/wp\/v2\/comments?post=2517"}],"wp:featuredmedia":[{"embeddable":true,"href":"https:\/\/dokuteks.com\/index.php\/wp-json\/wp\/v2\/media\/1940"}],"wp:attachment":[{"href":"https:\/\/dokuteks.com\/index.php\/wp-json\/wp\/v2\/media?parent=2517"}],"curies":[{"name":"wp","href":"https:\/\/api.w.org\/{rel}","templated":true}]}}