{"id":2492,"date":"2019-04-15T02:01:05","date_gmt":"2019-04-14T23:01:05","guid":{"rendered":"http:\/\/dokuteks.com\/index.php\/\/product\/import-placeholder-for-928\/"},"modified":"2024-03-24T00:43:47","modified_gmt":"2024-03-23T21:43:47","slug":"jakarli-kolonlar-04","status":"publish","type":"product","link":"https:\/\/dokuteks.com\/index.php\/urun\/jakarli-kolonlar-04\/","title":{"rendered":"Jakarl\u0131 Kolonlar 04"},"content":{"rendered":"<p>Y\u00fcksek standartlarda \u00fcretilen \u00fcr\u00fcnler ilgili kurulu\u015flar\u0131n\u0131n ihtiya\u00e7lar\u0131n\u0131 kar\u015f\u0131lamak amac\u0131yla, ilgili y\u00f6netmeliklere uygun bi\u00e7imde \u00fcretilirler.<br \/>\nFarkl\u0131 renk ve desenlerde farkl\u0131 boy ve en se\u00e7enekleriyle \u00fcretilir.<\/p>\n","protected":false},"excerpt":{"rendered":"<p>Y\u00fcksek standartlarda \u00fcretilen \u00fcr\u00fcnler ilgili kurulu\u015flar\u0131n\u0131n ihtiya\u00e7lar\u0131n\u0131 kar\u015f\u0131lamak amac\u0131yla, ilgili y\u00f6netmeliklere uygun bi\u00e7imde \u00fcretilirler.<\/p>\n","protected":false},"featured_media":2529,"comment_status":"open","ping_status":"closed","template":"","meta":[],"_links":{"self":[{"href":"https:\/\/dokuteks.com\/index.php\/wp-json\/wp\/v2\/product\/2492"}],"collection":[{"href":"https:\/\/dokuteks.com\/index.php\/wp-json\/wp\/v2\/product"}],"about":[{"href":"https:\/\/dokuteks.com\/index.php\/wp-json\/wp\/v2\/types\/product"}],"replies":[{"embeddable":true,"href":"https:\/\/dokuteks.com\/index.php\/wp-json\/wp\/v2\/comments?post=2492"}],"wp:featuredmedia":[{"embeddable":true,"href":"https:\/\/dokuteks.com\/index.php\/wp-json\/wp\/v2\/media\/2529"}],"wp:attachment":[{"href":"https:\/\/dokuteks.com\/index.php\/wp-json\/wp\/v2\/media?parent=2492"}],"curies":[{"name":"wp","href":"https:\/\/api.w.org\/{rel}","templated":true}]}}