{"id":2297,"date":"2019-04-15T01:55:45","date_gmt":"2019-04-14T22:55:45","guid":{"rendered":"http:\/\/dokuteks.com\/index.php\/\/product\/import-placeholder-for-598\/"},"modified":"2019-04-15T01:58:24","modified_gmt":"2019-04-14T22:58:24","slug":"kamuflajli-egitim-elbisesi-09","status":"publish","type":"product","link":"https:\/\/dokuteks.com\/index.php\/urun\/kamuflajli-egitim-elbisesi-09\/","title":{"rendered":"Kamuflajl\u0131 E\u011fitim Elbisesi 09"},"content":{"rendered":"<p>\u00bb Yerli ve yabanc\u0131 kurumlar\u0131n g\u00fcncel K\u0131yafet Y\u00f6netmeliklerine uygun,<\/p>\n<p>\u00bb \u00d6zel ihtiya\u00e7lar i\u00e7in revize edilebilir,<\/p>\n<p>\u00bb Y\u00fcksek kalitede \u00fcretim tekni\u011fi kullan\u0131lan<\/p>\n<p>\u00bb A\u011f\u0131r ko\u015fullara dayan\u0131kl\u0131<\/p>\n<p>\u00bb Nefes alabilen kuma\u015flardan \u00fcretilmi\u015f<\/p>\n<p>\u00bb G\u00fc\u00e7l\u00fc kamuflaj yetene\u011fi<\/p>\n","protected":false},"excerpt":{"rendered":"<p>\u00bb Yerli ve yabanc\u0131 kurumlar\u0131n g\u00fcncel K\u0131yafet Y\u00f6netmeliklerine uygun,<\/p>\n<p>\u00bb \u00d6zel ihtiya\u00e7lar i\u00e7in revize edilebilir,<\/p>\n<p>\u00bb Y\u00fcksek kalitede \u00fcretim tekni\u011fi kullan\u0131lan<\/p>\n<p>\u00bb A\u011f\u0131r ko\u015fullara dayan\u0131kl\u0131<\/p>\n<p>\u00bb Nefes alabilen kuma\u015flardan \u00fcretilmi\u015f<\/p>\n<p>\u00bb G\u00fc\u00e7l\u00fc kamuflaj yetene\u011fi<\/p>\n","protected":false},"featured_media":2399,"comment_status":"open","ping_status":"closed","template":"","meta":[],"_links":{"self":[{"href":"https:\/\/dokuteks.com\/index.php\/wp-json\/wp\/v2\/product\/2297"}],"collection":[{"href":"https:\/\/dokuteks.com\/index.php\/wp-json\/wp\/v2\/product"}],"about":[{"href":"https:\/\/dokuteks.com\/index.php\/wp-json\/wp\/v2\/types\/product"}],"replies":[{"embeddable":true,"href":"https:\/\/dokuteks.com\/index.php\/wp-json\/wp\/v2\/comments?post=2297"}],"wp:featuredmedia":[{"embeddable":true,"href":"https:\/\/dokuteks.com\/index.php\/wp-json\/wp\/v2\/media\/2399"}],"wp:attachment":[{"href":"https:\/\/dokuteks.com\/index.php\/wp-json\/wp\/v2\/media?parent=2297"}],"curies":[{"name":"wp","href":"https:\/\/api.w.org\/{rel}","templated":true}]}}