{"id":2130,"date":"2019-04-15T01:51:32","date_gmt":"2019-04-14T22:51:32","guid":{"rendered":"http:\/\/dokuteks.com\/index.php\/\/product\/import-placeholder-for-503\/"},"modified":"2019-04-18T18:57:01","modified_gmt":"2019-04-18T15:57:01","slug":"cankurtaran-yelegi","status":"publish","type":"product","link":"https:\/\/dokuteks.com\/index.php\/urun\/cankurtaran-yelegi\/","title":{"rendered":"Cankurtaran Yele\u011fi"},"content":{"rendered":"<p>Kamu kurum ve kurulu\u015flar\u0131n\u0131n ihtiya\u00e7lar\u0131n\u0131 kar\u015f\u0131lamak amac\u0131yla, ilgili y\u00f6netmeliklere uygun bi\u00e7imde \u00fcretilirler. Kuma\u015flar \u0131s\u0131ya dayan\u0131kl\u0131d\u0131r. Yans\u0131t\u0131c\u0131 \u015feritler geceleri y\u00fcksek g\u00f6r\u00fcn\u00fcrl\u00fck sa\u011flar<\/p>\n","protected":false},"excerpt":{"rendered":"<p>Kamu kurum ve kurulu\u015flar\u0131n\u0131n ihtiya\u00e7lar\u0131n\u0131 kar\u015f\u0131lamak amac\u0131yla, ilgili y\u00f6netmeliklere uygun bi\u00e7imde \u00fcretilirler. Kuma\u015flar \u0131s\u0131ya dayan\u0131kl\u0131d\u0131r. Yans\u0131t\u0131c\u0131 \u015feritler geceleri y\u00fcksek g\u00f6r\u00fcn\u00fcrl\u00fck sa\u011flar<\/p>\n","protected":false},"featured_media":2263,"comment_status":"open","ping_status":"closed","template":"","meta":[],"_links":{"self":[{"href":"https:\/\/dokuteks.com\/index.php\/wp-json\/wp\/v2\/product\/2130"}],"collection":[{"href":"https:\/\/dokuteks.com\/index.php\/wp-json\/wp\/v2\/product"}],"about":[{"href":"https:\/\/dokuteks.com\/index.php\/wp-json\/wp\/v2\/types\/product"}],"replies":[{"embeddable":true,"href":"https:\/\/dokuteks.com\/index.php\/wp-json\/wp\/v2\/comments?post=2130"}],"wp:featuredmedia":[{"embeddable":true,"href":"https:\/\/dokuteks.com\/index.php\/wp-json\/wp\/v2\/media\/2263"}],"wp:attachment":[{"href":"https:\/\/dokuteks.com\/index.php\/wp-json\/wp\/v2\/media?parent=2130"}],"curies":[{"name":"wp","href":"https:\/\/api.w.org\/{rel}","templated":true}]}}