{"id":2107,"date":"2019-04-15T01:50:56","date_gmt":"2019-04-14T22:50:56","guid":{"rendered":"http:\/\/dokuteks.com\/index.php\/\/product\/import-placeholder-for-489\/"},"modified":"2019-04-18T19:02:44","modified_gmt":"2019-04-18T16:02:44","slug":"muhimmat-yelegi-06","status":"publish","type":"product","link":"https:\/\/dokuteks.com\/index.php\/urun\/muhimmat-yelegi-06\/","title":{"rendered":"M\u00fchimmat Yele\u011fi 06"},"content":{"rendered":"<p>\u00bb \u00d6zel \u00fcretim dayanakl\u0131 tokalar<\/p>\n<p>\u00bb \u00c7ift i\u011fne diki\u015f y\u00f6ntemi<\/p>\n<p>\u00bb Ergonomik tasar\u0131m<\/p>\n<p>\u00bb Y\u00fcklemelerde \u00f6ne sarkmay\u0131 \u00f6nleyici sistem<\/p>\n<p>\u00bb Her bedene uyarlanabilen esnek tasar\u0131m<\/p>\n<p>\u00bb \u00d6n profilde bulunan fermuar sayesinde kolay ku\u015fanma<\/p>\n<p>\u00bb Cep sistemine uyumlu y\u00fcksek dayan\u0131kl\u0131 kolonlar<\/p>\n","protected":false},"excerpt":{"rendered":"<p>\u00bb \u00d6zel \u00fcretim dayanakl\u0131 tokalar<\/p>\n<p>\u00bb \u00c7ift i\u011fne diki\u015f y\u00f6ntemi<\/p>\n<p>\u00bb Ergonomik tasar\u0131m<\/p>\n<p>\u00bb Y\u00fcklemelerde \u00f6ne sarkmay\u0131 \u00f6nleyici sistem<\/p>\n<p>\u00bb Her bedene uyarlanabilen esnek tasar\u0131m<\/p>\n<p>\u00bb \u00d6n profilde bulunan fermuar sayesinde kolay ku\u015fanma<\/p>\n<p>\u00bb Cep sistemine uyumlu y\u00fcksek dayan\u0131kl\u0131 kolonlar<\/p>\n","protected":false},"featured_media":1717,"comment_status":"open","ping_status":"closed","template":"","meta":[],"_links":{"self":[{"href":"https:\/\/dokuteks.com\/index.php\/wp-json\/wp\/v2\/product\/2107"}],"collection":[{"href":"https:\/\/dokuteks.com\/index.php\/wp-json\/wp\/v2\/product"}],"about":[{"href":"https:\/\/dokuteks.com\/index.php\/wp-json\/wp\/v2\/types\/product"}],"replies":[{"embeddable":true,"href":"https:\/\/dokuteks.com\/index.php\/wp-json\/wp\/v2\/comments?post=2107"}],"wp:featuredmedia":[{"embeddable":true,"href":"https:\/\/dokuteks.com\/index.php\/wp-json\/wp\/v2\/media\/1717"}],"wp:attachment":[{"href":"https:\/\/dokuteks.com\/index.php\/wp-json\/wp\/v2\/media?parent=2107"}],"curies":[{"name":"wp","href":"https:\/\/api.w.org\/{rel}","templated":true}]}}