{"id":2067,"date":"2019-04-15T01:49:56","date_gmt":"2019-04-14T22:49:56","guid":{"rendered":"http:\/\/dokuteks.com\/index.php\/\/product\/import-placeholder-for-468\/"},"modified":"2019-04-18T19:06:54","modified_gmt":"2019-04-18T16:06:54","slug":"polis-yelegi-01","status":"publish","type":"product","link":"https:\/\/dokuteks.com\/index.php\/urun\/polis-yelegi-01\/","title":{"rendered":"Polis Yele\u011fi 01"},"content":{"rendered":"<p>Polis yelekleri, \u0130\u00e7i\u015fleri Bakanl\u0131\u011f\u0131 Y\u00f6netmeli\u011fine tam uygundur. \u00dcretimlerinde y\u00fcksek yans\u0131tma kabiliyetli yans\u0131t\u0131c\u0131 bantlar kullan\u0131lm\u0131\u015ft\u0131r. Yelekler g\u00f6rev ve iklim ko\u015fullar\u0131na y\u00fcksek uyumluluk g\u00f6sterir.<\/p>\n","protected":false},"excerpt":{"rendered":"<p class=\"p1\">Polis yelekleri, \u0130\u00e7i\u015fleri Bakanl\u0131\u011f\u0131 Y\u00f6netmeli\u011fine tam uygundur. \u00dcretimlerinde y\u00fcksek yans\u0131tma kabiliyetli yans\u0131t\u0131c\u0131 bantlar kullan\u0131lm\u0131\u015ft\u0131r. Yelekler g\u00f6rev ve iklim ko\u015fullar\u0131na y\u00fcksek uyumluluk g\u00f6sterir.<\/p>\n","protected":false},"featured_media":2209,"comment_status":"open","ping_status":"closed","template":"","meta":[],"_links":{"self":[{"href":"https:\/\/dokuteks.com\/index.php\/wp-json\/wp\/v2\/product\/2067"}],"collection":[{"href":"https:\/\/dokuteks.com\/index.php\/wp-json\/wp\/v2\/product"}],"about":[{"href":"https:\/\/dokuteks.com\/index.php\/wp-json\/wp\/v2\/types\/product"}],"replies":[{"embeddable":true,"href":"https:\/\/dokuteks.com\/index.php\/wp-json\/wp\/v2\/comments?post=2067"}],"wp:featuredmedia":[{"embeddable":true,"href":"https:\/\/dokuteks.com\/index.php\/wp-json\/wp\/v2\/media\/2209"}],"wp:attachment":[{"href":"https:\/\/dokuteks.com\/index.php\/wp-json\/wp\/v2\/media?parent=2067"}],"curies":[{"name":"wp","href":"https:\/\/api.w.org\/{rel}","templated":true}]}}