{"id":2055,"date":"2019-04-15T01:49:49","date_gmt":"2019-04-14T22:49:49","guid":{"rendered":"http:\/\/dokuteks.com\/index.php\/\/product\/import-placeholder-for-433\/"},"modified":"2019-04-18T19:32:12","modified_gmt":"2019-04-18T16:32:12","slug":"cevik-kuvvet-sirt-cantasi","status":"publish","type":"product","link":"https:\/\/dokuteks.com\/index.php\/urun\/cevik-kuvvet-sirt-cantasi\/","title":{"rendered":"\u00c7evik Kuvvet S\u0131rt \u00c7antas\u0131"},"content":{"rendered":"<p>Y\u00fcksek standartlarda \u00fcretilen s\u0131rt \u00e7antalar\u0131m\u0131z her ortama uyum sa\u011flayabilecek kalitededir.<\/p>\n","protected":false},"excerpt":{"rendered":"<p class=\"p1\">Y\u00fcksek standartlarda \u00fcretilen s\u0131rt \u00e7antalar\u0131m\u0131z her ortama uyum sa\u011flayabilecek kalitededir.<\/p>\n","protected":false},"featured_media":2159,"comment_status":"open","ping_status":"closed","template":"","meta":[],"_links":{"self":[{"href":"https:\/\/dokuteks.com\/index.php\/wp-json\/wp\/v2\/product\/2055"}],"collection":[{"href":"https:\/\/dokuteks.com\/index.php\/wp-json\/wp\/v2\/product"}],"about":[{"href":"https:\/\/dokuteks.com\/index.php\/wp-json\/wp\/v2\/types\/product"}],"replies":[{"embeddable":true,"href":"https:\/\/dokuteks.com\/index.php\/wp-json\/wp\/v2\/comments?post=2055"}],"wp:featuredmedia":[{"embeddable":true,"href":"https:\/\/dokuteks.com\/index.php\/wp-json\/wp\/v2\/media\/2159"}],"wp:attachment":[{"href":"https:\/\/dokuteks.com\/index.php\/wp-json\/wp\/v2\/media?parent=2055"}],"curies":[{"name":"wp","href":"https:\/\/api.w.org\/{rel}","templated":true}]}}