{"id":2050,"date":"2019-04-15T01:49:46","date_gmt":"2019-04-14T22:49:46","guid":{"rendered":"http:\/\/dokuteks.com\/index.php\/\/product\/import-placeholder-for-414\/"},"modified":"2019-04-18T19:36:03","modified_gmt":"2019-04-18T16:36:03","slug":"kursun-gecirmez-yelek-11","status":"publish","type":"product","link":"https:\/\/dokuteks.com\/index.php\/urun\/kursun-gecirmez-yelek-11\/","title":{"rendered":"Kur\u015fun Ge\u00e7irmez Yelek 11"},"content":{"rendered":"<ul>\n<li class=\"p1\">\u00d6zel u\u0308retim dayanakl\u0131 tokalar<\/li>\n<li class=\"p1\">\u00d6n ve arka g\u00f6vde i\u00e7erisinde terlemeyi azalt\u0131c\u0131 hava ak\u0131m\u0131 sa\u011flayan, \u00f6zel tasar\u0131m YEN\u0130 3 BOYUTLU F\u0130LE uygulamas\u0131<\/li>\n<li class=\"p1\">\u00c7ift i\u011fne diki\u015f y\u00f6ntemi<\/li>\n<li class=\"p1\">Ergonomik tasar\u0131m<\/li>\n<li class=\"p1\">Koltuk atlar\u0131nda ilave cep takabilme olana\u011f\u0131<\/li>\n<li class=\"p1\">Yu\u0308klemelerde \u00f6ne sarkmay\u0131 \u00f6nleyici sistem<\/li>\n<li class=\"p1\">Omuzdan yu\u0308ksekli\u011fini ve arkadan geni\u015fli\u011fini ayarlayabilme,<\/li>\n<li class=\"p1\">(Her bedene uyarlanabi\u0307len esnek tasar\u0131m)<\/li>\n<li class=\"p1\">Her iki omuz b\u00f6lgesinden, yanlardan ve arkadan kolay ve<\/li>\n<li class=\"p1\">h\u0131zl\u0131 \u00e7\u0131karabilme<\/li>\n<li class=\"p1\">\u00d6nde ve arkada ALT TARAFTAN kolay tak\u0131l\u0131p \u00e7\u0131kar\u0131labilir<\/li>\n<li class=\"p1\">\u015fekilde dizayn edilmi\u015f BAL\u0130ST\u0130K PLAKA TA\u015eIMA<\/li>\n<\/ul>\n<p class=\"p1\">B\u00d6L\u00dcMLER\u0130<\/p>\n<p class=\"p1\">\u00bb\u00bb \u00d6n profilde bulunan tokalar sayesinde kolay ku\u015fanma<\/p>\n<p class=\"p1\">\u00bb\u00bb Tak-\u00e7\u0131kar cep sistemine uyumlu yu\u0308ksek dayan\u0131kl\u0131 kolonlar<\/p>\n","protected":false},"excerpt":{"rendered":"<p class=\"p1\">Uluslararas\u0131 koruma seviyelerine uygun standartlarda u\u0308retilen yelekler balistik plakal\u0131 veya plakas\u0131z kullan\u0131ma imkan sa\u011flarken modu\u0308ler cep ve yuvalar te\u00e7hizat ve aksesuar ta\u015f\u0131maya olanak tan\u0131r.<\/p>\n","protected":false},"featured_media":2124,"comment_status":"open","ping_status":"closed","template":"","meta":[],"_links":{"self":[{"href":"https:\/\/dokuteks.com\/index.php\/wp-json\/wp\/v2\/product\/2050"}],"collection":[{"href":"https:\/\/dokuteks.com\/index.php\/wp-json\/wp\/v2\/product"}],"about":[{"href":"https:\/\/dokuteks.com\/index.php\/wp-json\/wp\/v2\/types\/product"}],"replies":[{"embeddable":true,"href":"https:\/\/dokuteks.com\/index.php\/wp-json\/wp\/v2\/comments?post=2050"}],"wp:featuredmedia":[{"embeddable":true,"href":"https:\/\/dokuteks.com\/index.php\/wp-json\/wp\/v2\/media\/2124"}],"wp:attachment":[{"href":"https:\/\/dokuteks.com\/index.php\/wp-json\/wp\/v2\/media?parent=2050"}],"curies":[{"name":"wp","href":"https:\/\/api.w.org\/{rel}","templated":true}]}}